{"id":576,"date":"2014-11-09T04:56:46","date_gmt":"2014-11-09T04:56:46","guid":{"rendered":"http:\/\/localhost\/radio\/?page_id=576"},"modified":"2024-11-16T12:15:54","modified_gmt":"2024-11-16T15:15:54","slug":"a-radio","status":"publish","type":"page","link":"https:\/\/multihuman.com.br\/site\/a-radio\/","title":{"rendered":"A R\u00e1dio"},"content":{"rendered":"<p>[vc_row][vc_column][vc_single_image image=&#8221;6553&#8243; img_size=&#8221;large&#8221; alignment=&#8221;center&#8221; style=&#8221;vc_box_shadow_3d&#8221;][vc_column_text]<\/p>\n<h4 class=\"qt-caption-med\" style=\"text-align: center;\">The Multiman Web Radio nasceu em 2012 com uma programa\u00e7\u00e3o bem diversificada.<\/h4>\n<p>[\/vc_column_text][vc_single_image image=&#8221;6557&#8243; img_size=&#8221;large&#8221; alignment=&#8221;center&#8221; style=&#8221;vc_box_shadow_3d&#8221;][vc_single_image image=&#8221;6558&#8243; img_size=&#8221;large&#8221; alignment=&#8221;center&#8221; style=&#8221;vc_box_shadow_3d&#8221;][vc_single_image image=&#8221;6559&#8243; img_size=&#8221;large&#8221; alignment=&#8221;center&#8221; style=&#8221;vc_box_shadow_3d&#8221;][vc_column_text]<\/p>\n<h4 class=\"qt-caption-med\" style=\"text-align: center;\">Ap\u00f3s 2 anos ganhamos um site e focamos nossa programa\u00e7\u00e3o em Chillout Music.<\/h4>\n<p>[\/vc_column_text][vc_single_image image=&#8221;6571&#8243; img_size=&#8221;large&#8221; alignment=&#8221;center&#8221; style=&#8221;vc_box_shadow_3d&#8221;][vc_single_image image=&#8221;6560&#8243; img_size=&#8221;large&#8221; alignment=&#8221;center&#8221; style=&#8221;vc_box_shadow_3d&#8221;][vc_single_image image=&#8221;6561&#8243; img_size=&#8221;large&#8221; alignment=&#8221;center&#8221; style=&#8221;vc_box_shadow_3d&#8221;][vc_column_text]<\/p>\n<h4 class=\"qt-caption-med\" style=\"text-align: center;\">2015 foi o ano que come\u00e7amos a transmitir em 432Hz.<\/h4>\n<p>[\/vc_column_text][vc_single_image image=&#8221;6795&#8243; img_size=&#8221;large&#8221; alignment=&#8221;center&#8221; style=&#8221;vc_box_shadow_3d&#8221;][vc_single_image image=&#8221;6564&#8243; img_size=&#8221;large&#8221; alignment=&#8221;center&#8221; style=&#8221;vc_box_shadow_3d&#8221;][vc_single_image image=&#8221;6579&#8243; img_size=&#8221;large&#8221; alignment=&#8221;center&#8221; style=&#8221;vc_box_shadow_3d&#8221;][vc_single_image image=&#8221;6563&#8243; img_size=&#8221;large&#8221; alignment=&#8221;center&#8221; style=&#8221;vc_box_shadow_3d&#8221;][vc_column_text]<\/p>\n<h4 class=\"qt-caption-med\" style=\"text-align: center;\">Em 2020 fizemos 8 anos, mudamos para MultiHuman EntheoMusic &#8211; M\u00fasica que alimenta a Alma, e ganhamos esse novo e poderoso site.<\/h4>\n<p>[\/vc_column_text][vc_single_image image=&#8221;7743&#8243; img_size=&#8221;large&#8221; alignment=&#8221;center&#8221; style=&#8221;vc_box_shadow_3d&#8221;][vc_column_text]<\/p>\n<h4 class=\"qt-caption-med\" style=\"text-align: center;\">2024 com 12 anos, e ap\u00f3s alguns meses em standby, chegou a hora de continuarmos nossas atualiza\u00e7\u00f5es, com muitas novidades aqui e em nossas redes sociais. Bem vindos ao novo ciclo!<\/h4>\n<p>[\/vc_column_text][vc_single_image image=&#8221;7735&#8243; img_size=&#8221;large&#8221; alignment=&#8221;center&#8221; style=&#8221;vc_box_shadow_3d&#8221;][\/vc_column][\/vc_row]<\/p>\n","protected":false},"excerpt":{"rendered":"<p>[vc_row][vc_column][vc_single_image image=&#8221;6553&#8243; img_size=&#8221;large&#8221; alignment=&#8221;center&#8221; style=&#8221;vc_box_shadow_3d&#8221;][vc_column_text] The Multiman Web Radio nasceu em 2012 com uma programa\u00e7\u00e3o bem diversificada. [\/vc_column_text][vc_single_image image=&#8221;6557&#8243; img_size=&#8221;large&#8221; alignment=&#8221;center&#8221; style=&#8221;vc_box_shadow_3d&#8221;][vc_single_image image=&#8221;6558&#8243; img_size=&#8221;large&#8221; alignment=&#8221;center&#8221; style=&#8221;vc_box_shadow_3d&#8221;][vc_single_image image=&#8221;6559&#8243; img_size=&#8221;large&#8221; alignment=&#8221;center&#8221; style=&#8221;vc_box_shadow_3d&#8221;][vc_column_text] Ap\u00f3s 2 anos ganhamos um site e focamos nossa programa\u00e7\u00e3o em Chillout Music. [\/vc_column_text][vc_single_image image=&#8221;6571&#8243; img_size=&#8221;large&#8221; alignment=&#8221;center&#8221; style=&#8221;vc_box_shadow_3d&#8221;][vc_single_image image=&#8221;6560&#8243; img_size=&#8221;large&#8221; alignment=&#8221;center&#8221; style=&#8221;vc_box_shadow_3d&#8221;][vc_single_image image=&#8221;6561&#8243; img_size=&#8221;large&#8221; alignment=&#8221;center&#8221; [&hellip;]<\/p>\n","protected":false},"author":1,"featured_media":7735,"parent":0,"menu_order":0,"comment_status":"open","ping_status":"closed","template":"","meta":{"footnotes":""},"class_list":["post-576","page","type-page","status-publish","has-post-thumbnail","hentry"],"yoast_head":"<!-- This site is optimized with the Yoast SEO plugin v26.2 - https:\/\/yoast.com\/wordpress\/plugins\/seo\/ -->\n<title>A R\u00e1dio - MultiHuman EntheoMusic<\/title>\n<meta name=\"description\" content=\"Desde 2012 unimos sons de todo o mundo \u00e0 espiritualidade, criando e difundindo o conceito \u00fanico de m\u00fasica enteog\u00eanica.\" \/>\n<meta name=\"robots\" content=\"index, follow, max-snippet:-1, max-image-preview:large, max-video-preview:-1\" \/>\n<link rel=\"canonical\" href=\"https:\/\/multihuman.com.br\/site\/a-radio\/\" \/>\n<meta property=\"og:locale\" content=\"pt_BR\" \/>\n<meta property=\"og:type\" content=\"article\" \/>\n<meta property=\"og:title\" content=\"A R\u00e1dio - MultiHuman EntheoMusic\" \/>\n<meta property=\"og:description\" content=\"Desde 2012 unimos sons de todo o mundo \u00e0 espiritualidade, criando e difundindo o conceito \u00fanico de m\u00fasica enteog\u00eanica.\" \/>\n<meta property=\"og:url\" content=\"https:\/\/multihuman.com.br\/site\/a-radio\/\" \/>\n<meta property=\"og:site_name\" content=\"MultiHuman EntheoMusic\" \/>\n<meta property=\"article:publisher\" content=\"https:\/\/www.facebook.com\/MultiHumanEntheoMusic\" \/>\n<meta property=\"article:modified_time\" content=\"2024-11-16T15:15:54+00:00\" \/>\n<meta property=\"og:image\" content=\"https:\/\/multihuman.com.br\/site\/wp-content\/uploads\/2024\/11\/arte_new_2024_02_gd.jpg\" \/>\n\t<meta property=\"og:image:width\" content=\"1024\" \/>\n\t<meta property=\"og:image:height\" content=\"768\" \/>\n\t<meta property=\"og:image:type\" content=\"image\/jpeg\" \/>\n<meta name=\"twitter:card\" content=\"summary_large_image\" \/>\n<meta name=\"twitter:site\" content=\"@TMWebRadio\" \/>\n<meta name=\"twitter:label1\" content=\"Est. tempo de leitura\" \/>\n\t<meta name=\"twitter:data1\" content=\"2 minutos\" \/>\n<script type=\"application\/ld+json\" class=\"yoast-schema-graph\">{\"@context\":\"https:\/\/schema.org\",\"@graph\":[{\"@type\":\"WebPage\",\"@id\":\"https:\/\/multihuman.com.br\/site\/a-radio\/\",\"url\":\"https:\/\/multihuman.com.br\/site\/a-radio\/\",\"name\":\"A R\u00e1dio - MultiHuman EntheoMusic\",\"isPartOf\":{\"@id\":\"https:\/\/multihuman.com.br\/site\/#website\"},\"primaryImageOfPage\":{\"@id\":\"https:\/\/multihuman.com.br\/site\/a-radio\/#primaryimage\"},\"image\":{\"@id\":\"https:\/\/multihuman.com.br\/site\/a-radio\/#primaryimage\"},\"thumbnailUrl\":\"https:\/\/multihuman.com.br\/site\/wp-content\/uploads\/2024\/11\/arte_new_2024_02_gd.jpg\",\"datePublished\":\"2014-11-09T04:56:46+00:00\",\"dateModified\":\"2024-11-16T15:15:54+00:00\",\"description\":\"Desde 2012 unimos sons de todo o mundo \u00e0 espiritualidade, criando e difundindo o conceito \u00fanico de m\u00fasica enteog\u00eanica.\",\"breadcrumb\":{\"@id\":\"https:\/\/multihuman.com.br\/site\/a-radio\/#breadcrumb\"},\"inLanguage\":\"pt-BR\",\"potentialAction\":[{\"@type\":\"ReadAction\",\"target\":[\"https:\/\/multihuman.com.br\/site\/a-radio\/\"]}]},{\"@type\":\"ImageObject\",\"inLanguage\":\"pt-BR\",\"@id\":\"https:\/\/multihuman.com.br\/site\/a-radio\/#primaryimage\",\"url\":\"https:\/\/multihuman.com.br\/site\/wp-content\/uploads\/2024\/11\/arte_new_2024_02_gd.jpg\",\"contentUrl\":\"https:\/\/multihuman.com.br\/site\/wp-content\/uploads\/2024\/11\/arte_new_2024_02_gd.jpg\",\"width\":1024,\"height\":768},{\"@type\":\"BreadcrumbList\",\"@id\":\"https:\/\/multihuman.com.br\/site\/a-radio\/#breadcrumb\",\"itemListElement\":[{\"@type\":\"ListItem\",\"position\":1,\"name\":\"In\u00edcio\",\"item\":\"https:\/\/multihuman.com.br\/site\/\"},{\"@type\":\"ListItem\",\"position\":2,\"name\":\"A R\u00e1dio\"}]},{\"@type\":\"WebSite\",\"@id\":\"https:\/\/multihuman.com.br\/site\/#website\",\"url\":\"https:\/\/multihuman.com.br\/site\/\",\"name\":\"MultiHuman EntheoMusic\",\"description\":\"M\u00fasica para transformar consci\u00eancias\",\"potentialAction\":[{\"@type\":\"SearchAction\",\"target\":{\"@type\":\"EntryPoint\",\"urlTemplate\":\"https:\/\/multihuman.com.br\/site\/?s={search_term_string}\"},\"query-input\":{\"@type\":\"PropertyValueSpecification\",\"valueRequired\":true,\"valueName\":\"search_term_string\"}}],\"inLanguage\":\"pt-BR\"}]}<\/script>\n<!-- \/ Yoast SEO plugin. -->","yoast_head_json":{"title":"A R\u00e1dio - MultiHuman EntheoMusic","description":"Desde 2012 unimos sons de todo o mundo \u00e0 espiritualidade, criando e difundindo o conceito \u00fanico de m\u00fasica enteog\u00eanica.","robots":{"index":"index","follow":"follow","max-snippet":"max-snippet:-1","max-image-preview":"max-image-preview:large","max-video-preview":"max-video-preview:-1"},"canonical":"https:\/\/multihuman.com.br\/site\/a-radio\/","og_locale":"pt_BR","og_type":"article","og_title":"A R\u00e1dio - MultiHuman EntheoMusic","og_description":"Desde 2012 unimos sons de todo o mundo \u00e0 espiritualidade, criando e difundindo o conceito \u00fanico de m\u00fasica enteog\u00eanica.","og_url":"https:\/\/multihuman.com.br\/site\/a-radio\/","og_site_name":"MultiHuman EntheoMusic","article_publisher":"https:\/\/www.facebook.com\/MultiHumanEntheoMusic","article_modified_time":"2024-11-16T15:15:54+00:00","og_image":[{"width":1024,"height":768,"url":"https:\/\/multihuman.com.br\/site\/wp-content\/uploads\/2024\/11\/arte_new_2024_02_gd.jpg","type":"image\/jpeg"}],"twitter_card":"summary_large_image","twitter_site":"@TMWebRadio","twitter_misc":{"Est. tempo de leitura":"2 minutos"},"schema":{"@context":"https:\/\/schema.org","@graph":[{"@type":"WebPage","@id":"https:\/\/multihuman.com.br\/site\/a-radio\/","url":"https:\/\/multihuman.com.br\/site\/a-radio\/","name":"A R\u00e1dio - MultiHuman EntheoMusic","isPartOf":{"@id":"https:\/\/multihuman.com.br\/site\/#website"},"primaryImageOfPage":{"@id":"https:\/\/multihuman.com.br\/site\/a-radio\/#primaryimage"},"image":{"@id":"https:\/\/multihuman.com.br\/site\/a-radio\/#primaryimage"},"thumbnailUrl":"https:\/\/multihuman.com.br\/site\/wp-content\/uploads\/2024\/11\/arte_new_2024_02_gd.jpg","datePublished":"2014-11-09T04:56:46+00:00","dateModified":"2024-11-16T15:15:54+00:00","description":"Desde 2012 unimos sons de todo o mundo \u00e0 espiritualidade, criando e difundindo o conceito \u00fanico de m\u00fasica enteog\u00eanica.","breadcrumb":{"@id":"https:\/\/multihuman.com.br\/site\/a-radio\/#breadcrumb"},"inLanguage":"pt-BR","potentialAction":[{"@type":"ReadAction","target":["https:\/\/multihuman.com.br\/site\/a-radio\/"]}]},{"@type":"ImageObject","inLanguage":"pt-BR","@id":"https:\/\/multihuman.com.br\/site\/a-radio\/#primaryimage","url":"https:\/\/multihuman.com.br\/site\/wp-content\/uploads\/2024\/11\/arte_new_2024_02_gd.jpg","contentUrl":"https:\/\/multihuman.com.br\/site\/wp-content\/uploads\/2024\/11\/arte_new_2024_02_gd.jpg","width":1024,"height":768},{"@type":"BreadcrumbList","@id":"https:\/\/multihuman.com.br\/site\/a-radio\/#breadcrumb","itemListElement":[{"@type":"ListItem","position":1,"name":"In\u00edcio","item":"https:\/\/multihuman.com.br\/site\/"},{"@type":"ListItem","position":2,"name":"A R\u00e1dio"}]},{"@type":"WebSite","@id":"https:\/\/multihuman.com.br\/site\/#website","url":"https:\/\/multihuman.com.br\/site\/","name":"MultiHuman EntheoMusic","description":"M\u00fasica para transformar consci\u00eancias","potentialAction":[{"@type":"SearchAction","target":{"@type":"EntryPoint","urlTemplate":"https:\/\/multihuman.com.br\/site\/?s={search_term_string}"},"query-input":{"@type":"PropertyValueSpecification","valueRequired":true,"valueName":"search_term_string"}}],"inLanguage":"pt-BR"}]}},"_links":{"self":[{"href":"https:\/\/multihuman.com.br\/site\/wp-json\/wp\/v2\/pages\/576","targetHints":{"allow":["GET"]}}],"collection":[{"href":"https:\/\/multihuman.com.br\/site\/wp-json\/wp\/v2\/pages"}],"about":[{"href":"https:\/\/multihuman.com.br\/site\/wp-json\/wp\/v2\/types\/page"}],"author":[{"embeddable":true,"href":"https:\/\/multihuman.com.br\/site\/wp-json\/wp\/v2\/users\/1"}],"replies":[{"embeddable":true,"href":"https:\/\/multihuman.com.br\/site\/wp-json\/wp\/v2\/comments?post=576"}],"version-history":[{"count":26,"href":"https:\/\/multihuman.com.br\/site\/wp-json\/wp\/v2\/pages\/576\/revisions"}],"predecessor-version":[{"id":7736,"href":"https:\/\/multihuman.com.br\/site\/wp-json\/wp\/v2\/pages\/576\/revisions\/7736"}],"wp:featuredmedia":[{"embeddable":true,"href":"https:\/\/multihuman.com.br\/site\/wp-json\/wp\/v2\/media\/7735"}],"wp:attachment":[{"href":"https:\/\/multihuman.com.br\/site\/wp-json\/wp\/v2\/media?parent=576"}],"curies":[{"name":"wp","href":"https:\/\/api.w.org\/{rel}","templated":true}]}}