{"id":2429,"date":"2015-05-02T15:24:59","date_gmt":"2015-05-02T15:24:59","guid":{"rendered":"http:\/\/qantumthemes.com\/demo\/onair\/?page_id=2429"},"modified":"2024-11-29T00:53:05","modified_gmt":"2024-11-29T03:53:05","slug":"top10","status":"publish","type":"page","link":"https:\/\/multihuman.com.br\/site\/top10\/","title":{"rendered":"Top 10"},"content":{"rendered":"<p>[vc_row qt_container=&#8221;true&#8221; css=&#8221;.vc_custom_1484567749773{padding-top: 80px !important;}&#8221;][vc_column]\t\t\t<h3 class=\"qt-caption-med qt-capfont \"><span>Todo m\u00eas as 10 melhores m\u00fasicas de cada programa\u00e7\u00e3o<\/span><\/h3>\n\t\t\t\t\t<hr class=\"qt-spacer-m\">\n\t\t\t\t\t\t<h3 class=\"qt-title\">\n\t\t\t\tTop10\t\t\t\t<\/h3>\n\t\t\t\t<a href=\"https:\/\/multihuman.com.br\/site\/blog\/chart\/world-music\/\" alt=\"Chart image\" class=\"qt-short-chart-featured\"><\/a>\t\t\t<ul class=\"qt-collapsible qt-chart-tracklist qt-chart-normal\" data-collapsible=\"accordion\">\n\t\t\t\t\t\t\t<li id=\"chartItem1\" class=\"qt-collapsible-item qt-part-chart qt-chart-track qt-card-s\">\n\t\t\t\t\t<div class=\"qt-chart-table collapsible-header qt-content-primary\">\n\t\t\t\t\t\t<div class=\"qt-position qt-content-primary-dark\">\n\t\t\t\t\t\t\t\t\t\t\t\t\t\t\t\t<img decoding=\"async\" data-src=\"https:\/\/multihuman.com.br\/site\/wp-content\/uploads\/2019\/05\/a1642836335_10-170x170.jpg\" class=\"qt-chart-cover lazyload\" alt=\"Chart track\" width=\"170\" height=\"170\" src=\"data:image\/svg+xml;base64,PHN2ZyB3aWR0aD0iMSIgaGVpZ2h0PSIxIiB4bWxucz0iaHR0cDovL3d3dy53My5vcmcvMjAwMC9zdmciPjwvc3ZnPg==\" style=\"--smush-placeholder-width: 170px; --smush-placeholder-aspect-ratio: 170\/170;\">\n\t\t\t\t\t\t\t\t\t\t\t\t\t\t\t\t<p class=\"qt-capfont qt-text-shadow\">1<\/p>\n\t\t\t\t\t\t<\/div>\n\n\t\t\t\t\t\t\t\t\t\t<div id=\"chartvoting5\" class=\"qt-chartvote\">\n\t\t\t\t\t<a class=\"qt-chartvote-link not-collapse qt-up\" \tdata-ip=\"216.73.216.164\" data-move=\"1\" data-chartid=\"4248\" data-position=\"5\" ><i class=\" dripicons-chevron-up\"><\/i><\/a>\n\t\t\t\t\t<span class=\"qt-chartvote-number\">9<\/span>\n\t\t\t\t\t<a class=\"qt-chartvote-link not-collapse qt-down\"  \tdata-ip=\"216.73.216.164\" data-move=\"-1\" data-chartid=\"4248\" data-position=\"5\" ><i class=\" dripicons-chevron-down\"><\/i><\/a>\n\t\t\t\t<\/div>\n\t\t\n\t\t\t\t\t\t<div class=\"qt-titles\">\n\t\t\t\t\t\t\t<h4 class=\"qt-ellipsis qt-t\">Mahalo<\/h4>\n\t\t\t\t\t\t\t<p>Basher Toe<\/p>\n\t\t\t\t\t\t<\/div>\n\t\t\t\t\t\t<div class=\"qt-action\">\n\t\t\t\t\t\t\t\t\t\t\t\t\t\t\t<a href=\"https:\/\/merkabamusic1.bandcamp.com\/track\/mahalo\" class=\"qt-btns\" target=\"_blank\"><i class=\"dripicons-cart\"><\/i><\/a>\n\t\t\t\t\t\t\t\t\t\t\t\t\t<\/div>\n\t\t\t\t\t<\/div>\n\t\t\t\t\t\t\t\t\t\t\t<div id=\"chartPlayer1\" class=\"collapsible-body qt-paper\">\n\t\t\t\t\t\t\t\t\t\t\t\t\t\t\t\t<div data-autoembed=\"https:\/\/soundcloud.com\/theuntz\/basher-toe-mahalo\"><\/div>\n\t\t\t\t\t\t\t\t\t\t\t\t\t\t\t<\/div>\n\t\t\t\t\t\n\t\t\t\t<\/li>\n\t\t\t\t\t\t\t\t<li id=\"chartItem2\" class=\"qt-collapsible-item qt-part-chart qt-chart-track qt-card-s\">\n\t\t\t\t\t<div class=\"qt-chart-table collapsible-header qt-content-primary\">\n\t\t\t\t\t\t<div class=\"qt-position qt-content-primary-dark\">\n\t\t\t\t\t\t\t\t\t\t\t\t\t\t\t\t<img decoding=\"async\" data-src=\"https:\/\/multihuman.com.br\/site\/wp-content\/uploads\/2019\/05\/a1430392625_10-170x170.jpg\" class=\"qt-chart-cover lazyload\" alt=\"Chart track\" width=\"170\" height=\"170\" src=\"data:image\/svg+xml;base64,PHN2ZyB3aWR0aD0iMSIgaGVpZ2h0PSIxIiB4bWxucz0iaHR0cDovL3d3dy53My5vcmcvMjAwMC9zdmciPjwvc3ZnPg==\" style=\"--smush-placeholder-width: 170px; --smush-placeholder-aspect-ratio: 170\/170;\">\n\t\t\t\t\t\t\t\t\t\t\t\t\t\t\t\t<p class=\"qt-capfont qt-text-shadow\">2<\/p>\n\t\t\t\t\t\t<\/div>\n\n\t\t\t\t\t\t\t\t\t\t<div id=\"chartvoting3\" class=\"qt-chartvote\">\n\t\t\t\t\t<a class=\"qt-chartvote-link not-collapse qt-up\" \tdata-ip=\"216.73.216.164\" data-move=\"1\" data-chartid=\"4248\" data-position=\"3\" ><i class=\" dripicons-chevron-up\"><\/i><\/a>\n\t\t\t\t\t<span class=\"qt-chartvote-number\">8<\/span>\n\t\t\t\t\t<a class=\"qt-chartvote-link not-collapse qt-down\"  \tdata-ip=\"216.73.216.164\" data-move=\"-1\" data-chartid=\"4248\" data-position=\"3\" ><i class=\" dripicons-chevron-down\"><\/i><\/a>\n\t\t\t\t<\/div>\n\t\t\n\t\t\t\t\t\t<div class=\"qt-titles\">\n\t\t\t\t\t\t\t<h4 class=\"qt-ellipsis qt-t\">Fractal Sunrise<\/h4>\n\t\t\t\t\t\t\t<p>Nango Manchay<\/p>\n\t\t\t\t\t\t<\/div>\n\t\t\t\t\t\t<div class=\"qt-action\">\n\t\t\t\t\t\t\t\t\t\t\t\t\t\t\t<a href=\"https:\/\/deserttrax.bandcamp.com\/track\/fractal-sunrise\" class=\"qt-btns\" target=\"_blank\"><i class=\"dripicons-cart\"><\/i><\/a>\n\t\t\t\t\t\t\t\t\t\t\t\t\t<\/div>\n\t\t\t\t\t<\/div>\n\t\t\t\t\t\t\t\t\t\t\t<div id=\"chartPlayer2\" class=\"collapsible-body qt-paper\">\n\t\t\t\t\t\t\t\t\t\t\t\t\t\t\t\t<div data-autoembed=\"https:\/\/soundcloud.com\/nango-manchay\/fractal-sunrise\"><\/div>\n\t\t\t\t\t\t\t\t\t\t\t\t\t\t\t<\/div>\n\t\t\t\t\t\n\t\t\t\t<\/li>\n\t\t\t\t\t\t\t\t<li id=\"chartItem3\" class=\"qt-collapsible-item qt-part-chart qt-chart-track qt-card-s\">\n\t\t\t\t\t<div class=\"qt-chart-table collapsible-header qt-content-primary\">\n\t\t\t\t\t\t<div class=\"qt-position qt-content-primary-dark\">\n\t\t\t\t\t\t\t\t\t\t\t\t\t\t\t\t<img decoding=\"async\" data-src=\"https:\/\/multihuman.com.br\/site\/wp-content\/uploads\/2019\/05\/a1675112568_10-170x170.jpg\" class=\"qt-chart-cover lazyload\" alt=\"Chart track\" width=\"170\" height=\"170\" src=\"data:image\/svg+xml;base64,PHN2ZyB3aWR0aD0iMSIgaGVpZ2h0PSIxIiB4bWxucz0iaHR0cDovL3d3dy53My5vcmcvMjAwMC9zdmciPjwvc3ZnPg==\" style=\"--smush-placeholder-width: 170px; --smush-placeholder-aspect-ratio: 170\/170;\">\n\t\t\t\t\t\t\t\t\t\t\t\t\t\t\t\t<p class=\"qt-capfont qt-text-shadow\">3<\/p>\n\t\t\t\t\t\t<\/div>\n\n\t\t\t\t\t\t\t\t\t\t<div id=\"chartvoting4\" class=\"qt-chartvote\">\n\t\t\t\t\t<a class=\"qt-chartvote-link not-collapse qt-up\" \tdata-ip=\"216.73.216.164\" data-move=\"1\" data-chartid=\"4248\" data-position=\"4\" ><i class=\" dripicons-chevron-up\"><\/i><\/a>\n\t\t\t\t\t<span class=\"qt-chartvote-number\">1<\/span>\n\t\t\t\t\t<a class=\"qt-chartvote-link not-collapse qt-down\"  \tdata-ip=\"216.73.216.164\" data-move=\"-1\" data-chartid=\"4248\" data-position=\"4\" ><i class=\" dripicons-chevron-down\"><\/i><\/a>\n\t\t\t\t<\/div>\n\t\t\n\t\t\t\t\t\t<div class=\"qt-titles\">\n\t\t\t\t\t\t\t<h4 class=\"qt-ellipsis qt-t\">Bone Shaman Woman<\/h4>\n\t\t\t\t\t\t\t<p>Scarlet Crow<\/p>\n\t\t\t\t\t\t<\/div>\n\t\t\t\t\t\t<div class=\"qt-action\">\n\t\t\t\t\t\t\t\t\t\t\t\t\t\t\t<a href=\"https:\/\/scarletcrow.bandcamp.com\/track\/bone-shaman-woman-2\" class=\"qt-btns\" target=\"_blank\"><i class=\"dripicons-cart\"><\/i><\/a>\n\t\t\t\t\t\t\t\t\t\t\t\t\t<\/div>\n\t\t\t\t\t<\/div>\n\t\t\t\t\t\t\t\t\t\t\t<div id=\"chartPlayer3\" class=\"collapsible-body qt-paper\">\n\t\t\t\t\t\t\t\t\t\t\t\t\t\t\t\t<div data-autoembed=\"https:\/\/soundcloud.com\/keyframe_entertainment\/exclusive-bone-shaman-woman-by-scarlet-crowkalya-scintilla-remix\"><\/div>\n\t\t\t\t\t\t\t\t\t\t\t\t\t\t\t<\/div>\n\t\t\t\t\t\n\t\t\t\t<\/li>\n\t\t\t\t<\/ul>\t\t\t<p class=\"aligncenter\">\n\t\t\t\t<a class=\"qt-btn qt-btn-l qt-btn-primary\" href=\"https:\/\/multihuman.com.br\/site\/blog\/chart\/world-music\/\">Lista completa<\/a>\n\t\t\t<\/p>\n\t\t\t[\/vc_column][\/vc_row]<\/p>\n","protected":false},"excerpt":{"rendered":"<p>[vc_row qt_container=&#8221;true&#8221; css=&#8221;.vc_custom_1484567749773{padding-top: 80px !important;}&#8221;][vc_column][\/vc_column][\/vc_row]<\/p>\n","protected":false},"author":1,"featured_media":7532,"parent":0,"menu_order":0,"comment_status":"open","ping_status":"closed","template":"archive-chart.php","meta":{"footnotes":""},"class_list":["post-2429","page","type-page","status-publish","has-post-thumbnail","hentry"],"yoast_head":"<!-- This site is optimized with the Yoast SEO plugin v26.2 - https:\/\/yoast.com\/wordpress\/plugins\/seo\/ -->\n<title>Top 10 - MultiHuman EntheoMusic<\/title>\n<meta name=\"robots\" content=\"index, follow, max-snippet:-1, max-image-preview:large, max-video-preview:-1\" \/>\n<link rel=\"canonical\" href=\"https:\/\/multihuman.com.br\/site\/top10\/\" \/>\n<meta property=\"og:locale\" content=\"pt_BR\" \/>\n<meta property=\"og:type\" content=\"article\" \/>\n<meta property=\"og:title\" content=\"Top 10 - MultiHuman EntheoMusic\" \/>\n<meta property=\"og:description\" content=\"[vc_row qt_container=&#8221;true&#8221; css=&#8221;.vc_custom_1484567749773{padding-top: 80px !important;}&#8221;][vc_column][\/vc_column][\/vc_row]\" \/>\n<meta property=\"og:url\" content=\"https:\/\/multihuman.com.br\/site\/top10\/\" \/>\n<meta property=\"og:site_name\" content=\"MultiHuman EntheoMusic\" \/>\n<meta property=\"article:publisher\" content=\"https:\/\/www.facebook.com\/MultiHumanEntheoMusic\" \/>\n<meta property=\"article:modified_time\" content=\"2024-11-29T03:53:05+00:00\" \/>\n<meta property=\"og:image\" content=\"https:\/\/multihuman.com.br\/site\/wp-content\/uploads\/2024\/10\/Leonardo_Kino_XL_A_vibrant_otherworldly_podium_three_rank_ador_0.jpg\" \/>\n\t<meta property=\"og:image:width\" content=\"1472\" \/>\n\t<meta property=\"og:image:height\" content=\"768\" \/>\n\t<meta property=\"og:image:type\" content=\"image\/jpeg\" \/>\n<meta name=\"twitter:card\" content=\"summary_large_image\" \/>\n<meta name=\"twitter:site\" content=\"@TMWebRadio\" \/>\n<meta name=\"twitter:label1\" content=\"Est. tempo de leitura\" \/>\n\t<meta name=\"twitter:data1\" content=\"1 minuto\" \/>\n<script type=\"application\/ld+json\" class=\"yoast-schema-graph\">{\"@context\":\"https:\/\/schema.org\",\"@graph\":[{\"@type\":\"WebPage\",\"@id\":\"https:\/\/multihuman.com.br\/site\/top10\/\",\"url\":\"https:\/\/multihuman.com.br\/site\/top10\/\",\"name\":\"Top 10 - MultiHuman EntheoMusic\",\"isPartOf\":{\"@id\":\"https:\/\/multihuman.com.br\/site\/#website\"},\"primaryImageOfPage\":{\"@id\":\"https:\/\/multihuman.com.br\/site\/top10\/#primaryimage\"},\"image\":{\"@id\":\"https:\/\/multihuman.com.br\/site\/top10\/#primaryimage\"},\"thumbnailUrl\":\"https:\/\/multihuman.com.br\/site\/wp-content\/uploads\/2024\/10\/Leonardo_Kino_XL_A_vibrant_otherworldly_podium_three_rank_ador_0.jpg\",\"datePublished\":\"2015-05-02T15:24:59+00:00\",\"dateModified\":\"2024-11-29T03:53:05+00:00\",\"breadcrumb\":{\"@id\":\"https:\/\/multihuman.com.br\/site\/top10\/#breadcrumb\"},\"inLanguage\":\"pt-BR\",\"potentialAction\":[{\"@type\":\"ReadAction\",\"target\":[\"https:\/\/multihuman.com.br\/site\/top10\/\"]}]},{\"@type\":\"ImageObject\",\"inLanguage\":\"pt-BR\",\"@id\":\"https:\/\/multihuman.com.br\/site\/top10\/#primaryimage\",\"url\":\"https:\/\/multihuman.com.br\/site\/wp-content\/uploads\/2024\/10\/Leonardo_Kino_XL_A_vibrant_otherworldly_podium_three_rank_ador_0.jpg\",\"contentUrl\":\"https:\/\/multihuman.com.br\/site\/wp-content\/uploads\/2024\/10\/Leonardo_Kino_XL_A_vibrant_otherworldly_podium_three_rank_ador_0.jpg\",\"width\":1472,\"height\":768},{\"@type\":\"BreadcrumbList\",\"@id\":\"https:\/\/multihuman.com.br\/site\/top10\/#breadcrumb\",\"itemListElement\":[{\"@type\":\"ListItem\",\"position\":1,\"name\":\"In\u00edcio\",\"item\":\"https:\/\/multihuman.com.br\/site\/\"},{\"@type\":\"ListItem\",\"position\":2,\"name\":\"Top 10\"}]},{\"@type\":\"WebSite\",\"@id\":\"https:\/\/multihuman.com.br\/site\/#website\",\"url\":\"https:\/\/multihuman.com.br\/site\/\",\"name\":\"MultiHuman EntheoMusic\",\"description\":\"M\u00fasica para transformar consci\u00eancias\",\"potentialAction\":[{\"@type\":\"SearchAction\",\"target\":{\"@type\":\"EntryPoint\",\"urlTemplate\":\"https:\/\/multihuman.com.br\/site\/?s={search_term_string}\"},\"query-input\":{\"@type\":\"PropertyValueSpecification\",\"valueRequired\":true,\"valueName\":\"search_term_string\"}}],\"inLanguage\":\"pt-BR\"}]}<\/script>\n<!-- \/ Yoast SEO plugin. -->","yoast_head_json":{"title":"Top 10 - MultiHuman EntheoMusic","robots":{"index":"index","follow":"follow","max-snippet":"max-snippet:-1","max-image-preview":"max-image-preview:large","max-video-preview":"max-video-preview:-1"},"canonical":"https:\/\/multihuman.com.br\/site\/top10\/","og_locale":"pt_BR","og_type":"article","og_title":"Top 10 - MultiHuman EntheoMusic","og_description":"[vc_row qt_container=&#8221;true&#8221; css=&#8221;.vc_custom_1484567749773{padding-top: 80px !important;}&#8221;][vc_column][\/vc_column][\/vc_row]","og_url":"https:\/\/multihuman.com.br\/site\/top10\/","og_site_name":"MultiHuman EntheoMusic","article_publisher":"https:\/\/www.facebook.com\/MultiHumanEntheoMusic","article_modified_time":"2024-11-29T03:53:05+00:00","og_image":[{"width":1472,"height":768,"url":"https:\/\/multihuman.com.br\/site\/wp-content\/uploads\/2024\/10\/Leonardo_Kino_XL_A_vibrant_otherworldly_podium_three_rank_ador_0.jpg","type":"image\/jpeg"}],"twitter_card":"summary_large_image","twitter_site":"@TMWebRadio","twitter_misc":{"Est. tempo de leitura":"1 minuto"},"schema":{"@context":"https:\/\/schema.org","@graph":[{"@type":"WebPage","@id":"https:\/\/multihuman.com.br\/site\/top10\/","url":"https:\/\/multihuman.com.br\/site\/top10\/","name":"Top 10 - MultiHuman EntheoMusic","isPartOf":{"@id":"https:\/\/multihuman.com.br\/site\/#website"},"primaryImageOfPage":{"@id":"https:\/\/multihuman.com.br\/site\/top10\/#primaryimage"},"image":{"@id":"https:\/\/multihuman.com.br\/site\/top10\/#primaryimage"},"thumbnailUrl":"https:\/\/multihuman.com.br\/site\/wp-content\/uploads\/2024\/10\/Leonardo_Kino_XL_A_vibrant_otherworldly_podium_three_rank_ador_0.jpg","datePublished":"2015-05-02T15:24:59+00:00","dateModified":"2024-11-29T03:53:05+00:00","breadcrumb":{"@id":"https:\/\/multihuman.com.br\/site\/top10\/#breadcrumb"},"inLanguage":"pt-BR","potentialAction":[{"@type":"ReadAction","target":["https:\/\/multihuman.com.br\/site\/top10\/"]}]},{"@type":"ImageObject","inLanguage":"pt-BR","@id":"https:\/\/multihuman.com.br\/site\/top10\/#primaryimage","url":"https:\/\/multihuman.com.br\/site\/wp-content\/uploads\/2024\/10\/Leonardo_Kino_XL_A_vibrant_otherworldly_podium_three_rank_ador_0.jpg","contentUrl":"https:\/\/multihuman.com.br\/site\/wp-content\/uploads\/2024\/10\/Leonardo_Kino_XL_A_vibrant_otherworldly_podium_three_rank_ador_0.jpg","width":1472,"height":768},{"@type":"BreadcrumbList","@id":"https:\/\/multihuman.com.br\/site\/top10\/#breadcrumb","itemListElement":[{"@type":"ListItem","position":1,"name":"In\u00edcio","item":"https:\/\/multihuman.com.br\/site\/"},{"@type":"ListItem","position":2,"name":"Top 10"}]},{"@type":"WebSite","@id":"https:\/\/multihuman.com.br\/site\/#website","url":"https:\/\/multihuman.com.br\/site\/","name":"MultiHuman EntheoMusic","description":"M\u00fasica para transformar consci\u00eancias","potentialAction":[{"@type":"SearchAction","target":{"@type":"EntryPoint","urlTemplate":"https:\/\/multihuman.com.br\/site\/?s={search_term_string}"},"query-input":{"@type":"PropertyValueSpecification","valueRequired":true,"valueName":"search_term_string"}}],"inLanguage":"pt-BR"}]}},"_links":{"self":[{"href":"https:\/\/multihuman.com.br\/site\/wp-json\/wp\/v2\/pages\/2429","targetHints":{"allow":["GET"]}}],"collection":[{"href":"https:\/\/multihuman.com.br\/site\/wp-json\/wp\/v2\/pages"}],"about":[{"href":"https:\/\/multihuman.com.br\/site\/wp-json\/wp\/v2\/types\/page"}],"author":[{"embeddable":true,"href":"https:\/\/multihuman.com.br\/site\/wp-json\/wp\/v2\/users\/1"}],"replies":[{"embeddable":true,"href":"https:\/\/multihuman.com.br\/site\/wp-json\/wp\/v2\/comments?post=2429"}],"version-history":[{"count":7,"href":"https:\/\/multihuman.com.br\/site\/wp-json\/wp\/v2\/pages\/2429\/revisions"}],"predecessor-version":[{"id":6083,"href":"https:\/\/multihuman.com.br\/site\/wp-json\/wp\/v2\/pages\/2429\/revisions\/6083"}],"wp:featuredmedia":[{"embeddable":true,"href":"https:\/\/multihuman.com.br\/site\/wp-json\/wp\/v2\/media\/7532"}],"wp:attachment":[{"href":"https:\/\/multihuman.com.br\/site\/wp-json\/wp\/v2\/media?parent=2429"}],"curies":[{"name":"wp","href":"https:\/\/api.w.org\/{rel}","templated":true}]}}